{"id":8,"date":"2020-11-16T18:05:20","date_gmt":"2020-11-16T18:05:20","guid":{"rendered":"https:\/\/www.villabussy.fr\/home\/"},"modified":"2021-01-29T16:17:40","modified_gmt":"2021-01-29T16:17:40","slug":"home","status":"publish","type":"page","link":"https:\/\/www.villabussy.fr\/","title":{"rendered":"Accueil"},"content":{"rendered":"\r\n\r\n\r\n\r\n\r\n\r\n\r\n\r\n\r\n<span style=\"color: rgb(0, 0, 0);\"><span style=\"font-size: 16px;\"><\/span><\/span><p><span style=\"font-size: 16px; color: rgb(0, 0, 0);\">Notre Restaurant Villa de Bussy est bas\u00e9 \u00e0 Bussy Saint Georges (77) depuis 2011.<br><br><\/span><\/p><p><span style=\"font-size: 16px; color: rgb(0, 0, 0);\">Nos chefs ont une trentaine d&rsquo;ann\u00e9es d&rsquo;exp\u00e9rience et proposent&nbsp;un large choix de plats&nbsp;traditionnels asiatiques&nbsp;(p\u00e2tes de riz, nouilles, riz, soupes, cuisine \u00e0 la vapeur, marmites, plaques chauffantes, r\u00f4tisserie, potages&#8230;)<\/span><\/p><span style=\"font-size: 16px; color: rgb(0, 0, 0);\"><br><\/span><p><span style=\"font-size: 16px;\"><span style=\"color: rgb(0, 0, 0);\">N&rsquo;h\u00e9sitez pas \u00e0 demander nos suggestions de sp\u00e9cialit\u00e9s et nos best-sellers !<br><\/span><br><\/span><\/p><span style=\"color: rgb(0, 0, 0);\"><\/span><span><\/span>\r\n\r\n\r\nLe Restaurant Villa de Bussy\r\n\r\n\r\n\r\n\r\n\r\n\r\n\r\n\r\n\r\n<h4>Vente \u00e0 emporter uniquement par t\u00e9l\u00e9phone<br><\/h4>\r\n\r\n\r\n\r\n\r\n\r\n\r\n\r\n\r\n\r\n<h4>Livraison \u00e0 Bussy St Georges via nos deux partenaires<\/h4>\r\n\r\n\r\n<p align=\"center\">\r\n<a class=\"pagelayer-ele-link\" href=\"https:\/\/www.ubereats.com\/fr\/paris\/food-delivery\/villa-de-bussy\/D-UjG4X3QhqrwXw62zLS-A\" pagelayer-image-link-type=\"custom_url\" target=\"_blank\" rel=\"noopener\">\r\n<img loading=\"lazy\" decoding=\"async\" width=\"175\" height=\"175\" src=\"https:\/\/www.villabussy.fr\/wp-content\/uploads\/2020\/12\/ubereats-logo.png\" title=\"ubereats-logo\" alt=\"ubereats-logo\">\r\n<\/a>\r\n<a class=\"pagelayer-ele-link\" href=\"https:\/\/www.restosbussy.fr\/villabussy\" pagelayer-image-link-type=\"custom_url\" target=\"_blank\" rel=\"noopener\">\r\n<img loading=\"lazy\" decoding=\"async\" width=\"175\" height=\"175\" src=\"https:\/\/www.villabussy.fr\/wp-content\/uploads\/2020\/12\/RestoBussy.png\" title=\"RestoBussy\" alt=\"RestoBussy\">\r\n<\/a>\r\n<\/p>\r\n\r\n\r\n\r\n\r\n\r\n\r\n\r\n\r\n\r\n<h4>Consulter notre Carte compl\u00e8te<\/h4>\r\n\r\n\r\n\r\n\r\n\r\n\r\n\r\n\r\n\r\nAVIS DE NOS CLIENTS\r\n\r\n\r\n\r\n\r\n<p><span>\u00ab\u00a0Toujours aussi bien ! Plats excellents. Service rapide. Personnel tr\u00e8s souriant et prix tr\u00e8s raisonnable. <br>\u00c7a fait plusieurs fois que je viens manger dans ce restaurant, je n&rsquo;ai jamais \u00e9t\u00e9 d\u00e9\u00e7ue. <br>Les plats sont toujours aussi bons. J&rsquo;aime venir avec mes enfants et mon mari\u00a0\u00bb<\/span><\/p>\r\n\r\n\r\n<p><span>\u00ab\u00a0Tr\u00e8s bon restaurant, tant pour le go\u00fbt que pour l&rsquo;accueil et les quantit\u00e9s \ud83d\ude00&nbsp;<\/span><\/p><p><span>On s&rsquo;est r\u00e9gal\u00e9 avec les p\u00e2tes de riz saut\u00e9es aux crevettes, le riz loc lac et les raviolis aux crevettes.&nbsp;<\/span><\/p><p><span>Je recommande sans h\u00e9siter !\u00a0\u00bb<\/span><\/p>\r\n\r\n\r\n<p><span>\u00ab\u00a0C&rsquo;est comme d&rsquo;habitude le personnel est accueillant et \u00e0 l&rsquo;\u00e9coute.&nbsp;<\/span><\/p><p><span>Le carte est un vrai d\u00e9lice : du choix.<\/span><br><span>En plus  on peut passer  commande e<\/span><span>t passer la prendre.<\/span><br><span>Nous y allons au moins 1 fois par mois.<\/span><br><span>Je recommande  cet \u00e9tablissement.\u00a0\u00bb<\/span><br><\/p>\r\n\r\n\r\n\r\n\r\n\r\n\r\n\r\n","protected":false},"excerpt":{"rendered":"","protected":false},"author":0,"featured_media":0,"parent":0,"menu_order":0,"comment_status":"closed","ping_status":"closed","template":"","meta":{"pagelayer_contact_templates":[],"_pagelayer_content":"","footnotes":""},"class_list":["post-8","page","type-page","status-publish","hentry"],"_links":{"self":[{"href":"https:\/\/www.villabussy.fr\/index.php?rest_route=\/wp\/v2\/pages\/8","targetHints":{"allow":["GET"]}}],"collection":[{"href":"https:\/\/www.villabussy.fr\/index.php?rest_route=\/wp\/v2\/pages"}],"about":[{"href":"https:\/\/www.villabussy.fr\/index.php?rest_route=\/wp\/v2\/types\/page"}],"replies":[{"embeddable":true,"href":"https:\/\/www.villabussy.fr\/index.php?rest_route=%2Fwp%2Fv2%2Fcomments&post=8"}],"version-history":[{"count":146,"href":"https:\/\/www.villabussy.fr\/index.php?rest_route=\/wp\/v2\/pages\/8\/revisions"}],"predecessor-version":[{"id":855,"href":"https:\/\/www.villabussy.fr\/index.php?rest_route=\/wp\/v2\/pages\/8\/revisions\/855"}],"wp:attachment":[{"href":"https:\/\/www.villabussy.fr\/index.php?rest_route=%2Fwp%2Fv2%2Fmedia&parent=8"}],"curies":[{"name":"wp","href":"https:\/\/api.w.org\/{rel}","templated":true}]}}