{"id":670,"date":"2020-12-01T23:50:50","date_gmt":"2020-12-01T23:50:50","guid":{"rendered":"https:\/\/www.villabussy.fr\/?page_id=670"},"modified":"2023-10-02T23:49:42","modified_gmt":"2023-10-02T23:49:42","slug":"canard-viandes-legumes-riz-nouilles","status":"publish","type":"page","link":"https:\/\/www.villabussy.fr\/?page_id=670","title":{"rendered":"Canard, viandes &#038; l\u00e9gumes &#8211; riz &#8211; nouilles"},"content":{"rendered":"\n<style type=\"text\/css\">\n    div#infobulle{\n    \tbackground-color: #FFFFFF;\n    \tborder: 1px solid #555555;\n    \twidth: auto;\n    \tmax-width: 50%;\n    \tpadding: 0px 3px 0px 3px;\n    \ttext-align: justify;\n    \tfont-size: 90%;\n    }\n    li img{\n    \twidth: 70%;\n      max-width: 80%;\n      text-align: center;\n    }\n    li a img:hover{\n      width: 70%;\n      max-width: 80%;\n      text-align: center;\n      border: 1px solid #333;\n    }\n  <\/style>\n  <script>\n  function loadPhoto(element, text){\n  \tvar is_ie = ((navigator.userAgent.toLowerCase().indexOf(\"msie\") != -1) && (navigator.userAgent.toLowerCase().indexOf(\"opera\") == -1));\n  \t\/\/Suppression du title de l'\u00e9l\u00e9ment pour \u00e9viter une superposition\n  \telement.title = '';\n  \t\/\/Cr\u00e9ation d'une div provisoire\n  \tvar infobulle = document.createElement('div');\n  \t\/\/infobulle.innerHTML = text;\n    infobulle.innerHTML =\"<img width='100%' src='\" + text + \"'><\/img>\";\n    infobulle.id = 'infobulle';\n  \tinfobulle.style.display = 'none';\n  \tinfobulle.style.opacity = '0';\n  \tinfobulle.style.filter = 'alpha(opacity=0)';\n  \tdocument.body.appendChild(infobulle);\n  \tinfobulle.style.position = 'absolute';\n  \tdocument.onmousemove = function(e){\n  \t\tx = (!is_ie ? e.pageX : event.x+document.documentElement.scrollLeft)+15;\n  \t\ty = (!is_ie ? e.pageY : event.y+document.documentElement.scrollTop)+15;\n  \t\tvar windowWidth = (!is_ie ? window.innerWidth : document.documentElement.clientWidth);\n  \t\tvar windowHeight = (!is_ie ? window.innerHeight : document.documentElement.clientHeight);\n  \t\tvar scrollLeft = document.documentElement.scrollLeft;\n  \t\tvar scrollTop = document.documentElement.scrollTop;\n  \t\t\/\/Calcul des dimensions de l'infobulle\n  \t\tinfobulle.style.display = '';\n  \t\tvar infoWidth = infobulle.offsetWidth;\n  \t\tvar infoHeight = infobulle.offsetHeight;\n  \t\tinfobulle.style.display = 'none';\n  \t\t\/*On v\u00e9rifie que l'infobulle ne sorte pas de la fen\u00eatre*\/\n  \t\tif((x+infoWidth) > (windowWidth+scrollLeft)){\n  \t\t\tx = (!is_ie ? e.pageX : event.x+document.documentElement.scrollLeft)-infoWidth-5;\n  \t\t}\n  \t\tif((y+infoHeight) > (windowHeight+scrollTop)){\n  \t\t\ty = (!is_ie ? e.pageY : event.y+document.documentElement.scrollTop)-infoHeight-5;\n  \t\t}\n  \t\tinfobulle.style.left = x+'px';\n  \t\tinfobulle.style.top = y+'px';\n  \t\tinfobulle.style.display = '';\n  \t}\n  \tfor(i=0; i<=100; i+=10){\n  \t\tvar time = ((i\/20)*30);\n  \t\tsetTimeout('opacity('+i+', \\'infobulle\\');', time);\n  \t}\n  \t\/\/Ajout de la fermeture lorsque la souris quitte l'\u00e9l\u00e9ment\n  \telement.onmouseout = function(){\n  \t\tfor(i=0; i<=100; i+=10){\n  \t\t\tvar time = ((i\/20)*30);\n  \t\t\tvar opacity = (100-i);\n  \t\t\tsetTimeout('opacity('+opacity+', \\'infobulle\\', 1);', time);\n  \t\t}\n  \t};\n  \t\/\/Fonction servant \u00e0 faire varier l'opacit\u00e9\n  \topacity = function(opacity, id, close){\n  \t\t\tvar infobulle = document.getElementById(id);\n  \t\t\tinfobulle.style.opacity = (opacity\/100);\n  \t\t\tinfobulle.style.filter = 'alpha(opacity='+opacity+')';\n  \t\t\tif(opacity == 0 &#038;&#038; close){\n  \t\t\t\tdocument.body.removeChild(infobulle); \/\/Suppression de la div provisoire\n  \t\t\t\tdocument.onmousemove = '';\n  \t\t\t}\n  \t}\n  }\n  <\/script>\n  <div id=\"listePlats\" style=\"text-align:center;\">\n    <ul id=\"selectionPlats\" class=\"affichePlats\">\n      <li id=\"Canard-viandes-legumes-riz-nouilles\"><img decoding=\"async\" src=\"https:\/\/www.villabussy.fr\/wp-content\/uploads\/2020\/12\/10-MenuPage10-Canard-viandes-legumes-riz-nouilles.png\" alt=\"Canard, Viandes &amp; L\u00e9gumes, riz, nouilles\"><\/li>\n<li id=\"message\"><p style=\"color:red;font-size:120%;\"><strong>Suppl\u00e9ment viandes 5\u20ac ou raviolis 2\u20ac \/ Bouillon sur place 1.5\u20ac ou \u00e0 emporter 2\u20ac \/ Pas de menu le soir et week end, ni \u00e0 emporter<\/strong><\/p><\/li>\n      <li id=\"Canard\"><img decoding=\"async\" src=\"https:\/\/www.villabussy.fr\/wp-content\/uploads\/2020\/12\/10-MenuPage10-Canard.png\" alt=\"Canard\"><\/li>\n      <li id=\"39\"><img decoding=\"async\" src=\"https:\/\/www.villabussy.fr\/wp-content\/uploads\/2020\/12\/10-MenuPage10-Canard-39.png\" alt=\"39 - Canard aux cinq parfums\"><\/li>\n      <li id=\"40\"><img decoding=\"async\" src=\"https:\/\/www.villabussy.fr\/wp-content\/uploads\/2020\/12\/10-MenuPage10-Canard-40.png\" alt=\"40 - Canard aux lychees et \u00e0 l\u2019ananas\"><\/li>\n      <li id=\"41\"><img decoding=\"async\" src=\"https:\/\/www.villabussy.fr\/wp-content\/uploads\/2020\/12\/10-MenuPage10-Canard-41.png\" alt=\"41 - Canard aux champignons noirs\"><\/li>\n      <li id=\"42\"><img decoding=\"async\" src=\"https:\/\/www.villabussy.fr\/wp-content\/uploads\/2020\/12\/10-MenuPage10-Canard-42.png\" alt=\"42 - Canard aux champignons parfum\u00e9s\"><\/li>\n      <li id=\"Viandes\"><img decoding=\"async\" src=\"https:\/\/www.villabussy.fr\/wp-content\/uploads\/2020\/12\/10-MenuPage10-Viandes.png\" alt=\"Viandes\"><\/li>\n      <li id=\"43\"><a style=\"text-decoration: none;color: black;\" href=\"\" onclick=\"return false\" onmouseover=\"loadPhoto(this,&quot;https:\/\/www.villabussy.fr\/wp-content\/uploads\/2020\/11\/Restaurant-VillaBussy-43-porc-a\u0300-la-sauce-aigre-douce-scaled.jpg&quot;)\"><img decoding=\"async\" src=\"https:\/\/www.villabussy.fr\/wp-content\/uploads\/2020\/12\/10-MenuPage10-Viandes-43.png\" alt=\"43 - Porc \u00e0 la sauce aigre-douce\"><\/a><\/li>\n      <li id=\"44\"><img decoding=\"async\" src=\"https:\/\/www.villabussy.fr\/wp-content\/uploads\/2020\/12\/10-MenuPage10-Viandes-44.png\" alt=\"44 - Porc au curry\"><\/li>\n      <li id=\"45\"><img decoding=\"async\" src=\"https:\/\/www.villabussy.fr\/wp-content\/uploads\/2020\/12\/10-MenuPage10-Viandes-45.png\" alt=\"45 - Porc Chop-suey\"><\/li>\n      <li id=\"46\"><a style=\"text-decoration: none;color: black;\" href=\"\" onclick=\"return false\" onmouseover=\"loadPhoto(this,&quot;https:\/\/www.villabussy.fr\/wp-content\/uploads\/2020\/11\/Restaurant-VillaBussy-46-boeuf-aux-oignons-scaled.jpg&quot;)\"><img decoding=\"async\" src=\"https:\/\/www.villabussy.fr\/wp-content\/uploads\/2020\/12\/10-MenuPage10-Viandes-46.png\" alt=\"46 - B\u0153uf aux oignons\"><\/a><\/li>\n      <li id=\"47\"><img decoding=\"async\" src=\"https:\/\/www.villabussy.fr\/wp-content\/uploads\/2020\/12\/10-MenuPage10-Viandes-47.png\" alt=\"47 - B\u0153uf saut\u00e9 aux l\u00e9gumes\"><\/li>\n      <li id=\"48\"><img decoding=\"async\" src=\"https:\/\/www.villabussy.fr\/wp-content\/uploads\/2020\/12\/10-MenuPage10-Viandes-48.png\" alt=\"48 - B\u0153uf saut\u00e9 au sat\u00e9\"><\/li>\n      <li id=\"49\"><img decoding=\"async\" src=\"https:\/\/www.villabussy.fr\/wp-content\/uploads\/2020\/12\/10-MenuPage10-Viandes-49.png\" alt=\"49 - P\u00e2tes de soja aux viandes\"><\/li>\n      <li id=\"50\"><img decoding=\"async\" src=\"https:\/\/www.villabussy.fr\/wp-content\/uploads\/2020\/12\/10-MenuPage10-Viandes-50.png\" alt=\"50 - Agneau au sat\u00e9\"><\/li>\n      <li id=\"Legumes-Riz-Nouilles\"><img decoding=\"async\" src=\"https:\/\/www.villabussy.fr\/wp-content\/uploads\/2020\/12\/10-MenuPage10-Legumes-Riz-Nouilles.png\" alt=\"L\u00e9gumes - Riz - Nouilles\"><\/li>\n      <li id=\"51\"><img decoding=\"async\" src=\"https:\/\/www.villabussy.fr\/wp-content\/uploads\/2020\/12\/10-MenuPage10-Legumes-Riz-Nouilles-51.png\" alt=\"51 - L\u00e9gumes Chop-Suey\"><\/li>\n      <li id=\"52\"><img decoding=\"async\" src=\"https:\/\/www.villabussy.fr\/wp-content\/uploads\/2020\/12\/10-MenuPage10-Legumes-Riz-Nouilles-52.png\" alt=\"52 - Choux blancs chinois aux champignons parfum\u00e9s\"><\/li>\n      <li id=\"53\"><img decoding=\"async\" src=\"https:\/\/www.villabussy.fr\/wp-content\/uploads\/2020\/12\/10-MenuPage10-Legumes-Riz-Nouilles-53.png\" alt=\"53 - L\u00e9gumes saisonniers saut\u00e9s (sauce d\u2019hu\u00eetre)\"><\/li>\n      <li id=\"54\"><img decoding=\"async\" src=\"https:\/\/www.villabussy.fr\/wp-content\/uploads\/2020\/12\/10-MenuPage10-Legumes-Riz-Nouilles-54.png\" alt=\"54 - Liseron d\u2019eau saut\u00e9 \u00e0 la sauce de crevettes\"><\/li>\n      <li id=\"55\"><img decoding=\"async\" src=\"https:\/\/www.villabussy.fr\/wp-content\/uploads\/2020\/12\/10-MenuPage10-Legumes-Riz-Nouilles-55.png\" alt=\"55 - Riz cantonais au porc r\u00f4ti et aux crevettes\"><\/li>\n      <li id=\"56\"><img decoding=\"async\" src=\"https:\/\/www.villabussy.fr\/wp-content\/uploads\/2020\/12\/10-MenuPage10-Legumes-Riz-Nouilles-56.png\" alt=\"56 - Riz saut\u00e9 au poisson sal\u00e9\"><\/li>\n      <li id=\"57\"><img decoding=\"async\" src=\"https:\/\/www.villabussy.fr\/wp-content\/uploads\/2020\/12\/10-MenuPage10-Legumes-Riz-Nouilles-57.png\" alt=\"57 - Riz saut\u00e9 \u00e0 la Tha\u00eflandaise\"><\/li>\n      <li id=\"58\"><img decoding=\"async\" src=\"https:\/\/www.villabussy.fr\/wp-content\/uploads\/2020\/12\/10-MenuPage10-Legumes-Riz-Nouilles-58.png\" alt=\"58 - Riz cantonais\"><\/li>\n      <li id=\"59\"><img decoding=\"async\" src=\"https:\/\/www.villabussy.fr\/wp-content\/uploads\/2020\/12\/10-MenuPage10-Legumes-Riz-Nouilles-59.png\" alt=\"59 - Riz nature\"><\/li>\n      <li id=\"60\"><img decoding=\"async\" src=\"https:\/\/www.villabussy.fr\/wp-content\/uploads\/2020\/12\/10-MenuPage10-Legumes-Riz-Nouilles-60.png\" alt=\"60 - Nouilles saut\u00e9es nature\"><\/li>\n      <li id=\"61\"><a style=\"text-decoration: none;color: black;\" href=\"\" onclick=\"return false\" onmouseover=\"loadPhoto(this,&quot;https:\/\/www.villabussy.fr\/wp-content\/uploads\/2020\/12\/Restaurant-VillaBussy-61-Riz-Teochew.jpg&quot;)\"><img decoding=\"async\" src=\"https:\/\/www.villabussy.fr\/wp-content\/uploads\/2020\/12\/10-MenuPage10-Legumes-Riz-Nouilles-61.png\" alt=\"61 - Riz Teochew\"><\/a><\/li>\n    <\/ul>\n  <\/div>\n\n\n\n<p class=\"has-text-align-center has-large-font-size\"><a href=\"https:\/\/www.villabussy.fr\/?page_id=639\">&lt;<\/a><\/p>\n","protected":false},"excerpt":{"rendered":"<p>Suppl\u00e9ment viandes 5\u20ac ou raviolis 2\u20ac \/ Bouillon sur place 1.5\u20ac ou \u00e0 emporter 2\u20ac \/ Pas de menu le soir et week end, ni \u00e0 emporter &lt;<\/p>\n","protected":false},"author":1,"featured_media":0,"parent":0,"menu_order":0,"comment_status":"closed","ping_status":"closed","template":"","meta":{"pagelayer_contact_templates":[],"_pagelayer_content":"","footnotes":""},"class_list":["post-670","page","type-page","status-publish","hentry"],"_links":{"self":[{"href":"https:\/\/www.villabussy.fr\/index.php?rest_route=\/wp\/v2\/pages\/670","targetHints":{"allow":["GET"]}}],"collection":[{"href":"https:\/\/www.villabussy.fr\/index.php?rest_route=\/wp\/v2\/pages"}],"about":[{"href":"https:\/\/www.villabussy.fr\/index.php?rest_route=\/wp\/v2\/types\/page"}],"author":[{"embeddable":true,"href":"https:\/\/www.villabussy.fr\/index.php?rest_route=\/wp\/v2\/users\/1"}],"replies":[{"embeddable":true,"href":"https:\/\/www.villabussy.fr\/index.php?rest_route=%2Fwp%2Fv2%2Fcomments&post=670"}],"version-history":[{"count":7,"href":"https:\/\/www.villabussy.fr\/index.php?rest_route=\/wp\/v2\/pages\/670\/revisions"}],"predecessor-version":[{"id":1002,"href":"https:\/\/www.villabussy.fr\/index.php?rest_route=\/wp\/v2\/pages\/670\/revisions\/1002"}],"wp:attachment":[{"href":"https:\/\/www.villabussy.fr\/index.php?rest_route=%2Fwp%2Fv2%2Fmedia&parent=670"}],"curies":[{"name":"wp","href":"https:\/\/api.w.org\/{rel}","templated":true}]}}