{"id":556,"date":"2020-12-01T17:21:35","date_gmt":"2020-12-01T17:21:35","guid":{"rendered":"https:\/\/www.villabussy.fr\/?page_id=556"},"modified":"2025-06-13T13:03:12","modified_gmt":"2025-06-13T13:03:12","slug":"specialites-thailandaises-vietnamiennes","status":"publish","type":"page","link":"https:\/\/www.villabussy.fr\/?page_id=556","title":{"rendered":"Sp\u00e9cialit\u00e9s Tha\u00eflandaises &#038; Vietnamiennes"},"content":{"rendered":"\n<style type=\"text\/css\">\n    div#infobulle{\n    \tbackground-color: #FFFFFF;\n    \tborder: 1px solid #555555;\n    \twidth: auto;\n    \tmax-width: 50%;\n    \tpadding: 0px 3px 0px 3px;\n    \ttext-align: justify;\n    \tfont-size: 90%;\n    }\n    li img{\n    \twidth: 70%;\n      max-width: 80%;\n      text-align: center;\n    }\n    li a img:hover{\n      width: 70%;\n      max-width: 80%;\n      text-align: center;\n      border: 1px solid #333;\n    }\n  <\/style>\n  <script>\n  function loadPhoto(element, text){\n  \tvar is_ie = ((navigator.userAgent.toLowerCase().indexOf(\"msie\") != -1) && (navigator.userAgent.toLowerCase().indexOf(\"opera\") == -1));\n  \t\/\/Suppression du title de l'\u00e9l\u00e9ment pour \u00e9viter une superposition\n  \telement.title = '';\n  \t\/\/Cr\u00e9ation d'une div provisoire\n  \tvar infobulle = document.createElement('div');\n  \t\/\/infobulle.innerHTML = text;\n    infobulle.innerHTML =\"<img width='100%' src='\" + text + \"'><\/img>\";\n    infobulle.id = 'infobulle';\n  \tinfobulle.style.display = 'none';\n  \tinfobulle.style.opacity = '0';\n  \tinfobulle.style.filter = 'alpha(opacity=0)';\n  \tdocument.body.appendChild(infobulle);\n  \tinfobulle.style.position = 'absolute';\n  \tdocument.onmousemove = function(e){\n  \t\tx = (!is_ie ? e.pageX : event.x+document.documentElement.scrollLeft)+15;\n  \t\ty = (!is_ie ? e.pageY : event.y+document.documentElement.scrollTop)+15;\n  \t\tvar windowWidth = (!is_ie ? window.innerWidth : document.documentElement.clientWidth);\n  \t\tvar windowHeight = (!is_ie ? window.innerHeight : document.documentElement.clientHeight);\n  \t\tvar scrollLeft = document.documentElement.scrollLeft;\n  \t\tvar scrollTop = document.documentElement.scrollTop;\n  \t\t\/\/Calcul des dimensions de l'infobulle\n  \t\tinfobulle.style.display = '';\n  \t\tvar infoWidth = infobulle.offsetWidth;\n  \t\tvar infoHeight = infobulle.offsetHeight;\n  \t\tinfobulle.style.display = 'none';\n  \t\t\/*On v\u00e9rifie que l'infobulle ne sorte pas de la fen\u00eatre*\/\n  \t\tif((x+infoWidth) > (windowWidth+scrollLeft)){\n  \t\t\tx = (!is_ie ? e.pageX : event.x+document.documentElement.scrollLeft)-infoWidth-5;\n  \t\t}\n  \t\tif((y+infoHeight) > (windowHeight+scrollTop)){\n  \t\t\ty = (!is_ie ? e.pageY : event.y+document.documentElement.scrollTop)-infoHeight-5;\n  \t\t}\n  \t\tinfobulle.style.left = x+'px';\n  \t\tinfobulle.style.top = y+'px';\n  \t\tinfobulle.style.display = '';\n  \t}\n  \tfor(i=0; i<=100; i+=10){\n  \t\tvar time = ((i\/20)*30);\n  \t\tsetTimeout('opacity('+i+', \\'infobulle\\');', time);\n  \t}\n  \t\/\/Ajout de la fermeture lorsque la souris quitte l'\u00e9l\u00e9ment\n  \telement.onmouseout = function(){\n  \t\tfor(i=0; i<=100; i+=10){\n  \t\t\tvar time = ((i\/20)*30);\n  \t\t\tvar opacity = (100-i);\n  \t\t\tsetTimeout('opacity('+opacity+', \\'infobulle\\', 1);', time);\n  \t\t}\n  \t};\n  \t\/\/Fonction servant \u00e0 faire varier l'opacit\u00e9\n  \topacity = function(opacity, id, close){\n  \t\t\tvar infobulle = document.getElementById(id);\n  \t\t\tinfobulle.style.opacity = (opacity\/100);\n  \t\t\tinfobulle.style.filter = 'alpha(opacity='+opacity+')';\n  \t\t\tif(opacity == 0 &#038;&#038; close){\n  \t\t\t\tdocument.body.removeChild(infobulle); \/\/Suppression de la div provisoire\n  \t\t\t\tdocument.onmousemove = '';\n  \t\t\t}\n  \t}\n  }\n  <\/script>\n  <div id=\"listePlats\" style=\"text-align:center;\">\n    <ul id=\"selectionPlats\" class=\"affichePlats\">\n      <li id=\"T0\"><img decoding=\"async\" src=\"https:\/\/www.villabussy.fr\/wp-content\/uploads\/2020\/12\/06-MenuPage06-Specialites-Thailandaises-Vietnamiennes-T0.png\" alt=\"Sp\u00e9cialit\u00e9s Tha\u00eflandaises &amp; Vietnamiennes\"><\/li>\n<li id=\"message\"><p style=\"color:red;font-size:120%;\"><strong>Suppl\u00e9ment viandes 5\u20ac ou raviolis 2\u20ac \/ Bouillon sur place 1.5\u20ac ou \u00e0 emporter 2\u20ac \/ Pas de menu le soir et week end, ni \u00e0 emporter<\/strong><\/p><\/li>\n      <li id=\"T1\"><a style=\"text-decoration: none;color: black;\" href=\"\" onclick=\"return false\" onmouseover=\"loadPhoto(this,&quot;https:\/\/www.villabussy.fr\/wp-content\/uploads\/2020\/12\/Restaurant-VillaBussy-T1-Soupe-aux-crevettes-a-la-citronnelle-Thai-scaled.jpg&quot;)\"><img decoding=\"async\" src=\"https:\/\/www.villabussy.fr\/wp-content\/uploads\/2020\/12\/06-MenuPage06-Specialites-Thailandaises-Vietnamiennes-T1.png\" alt=\"T1 - Soupe aux crevettes \u00e0 la citronnelle Tha\u00ef\"><\/a><\/li>\n      <li id=\"T2\"><img decoding=\"async\" src=\"https:\/\/www.villabussy.fr\/wp-content\/uploads\/2020\/12\/06-MenuPage06-Specialites-Thailandaises-Vietnamiennes-T2.png\" alt=\"T2 - Soupe aux fruits de mer \u00e0 la citronnelle Tha\u00ef\"><\/li>\n      <li id=\"T3\"><img decoding=\"async\" src=\"https:\/\/www.villabussy.fr\/wp-content\/uploads\/2020\/12\/06-MenuPage06-Specialites-Thailandaises-Vietnamiennes-T3.png\" alt=\"T3 - Soupe au poisson Maison (Camb)\"><\/li>\n      <li id=\"T4\"><img decoding=\"async\" src=\"https:\/\/www.villabussy.fr\/wp-content\/uploads\/2020\/12\/06-MenuPage06-Specialites-Thailandaises-Vietnamiennes-T4.png\" alt=\"T4 - Soupe de Gambas Maison (Camb)\"><\/li>\n      <li id=\"T6\"><img decoding=\"async\" src=\"https:\/\/www.villabussy.fr\/wp-content\/uploads\/2020\/12\/06-MenuPage06-Specialites-Thailandaises-Vietnamiennes-T6.png\" alt=\"T6 - Salade de b\u0153uf\"><\/li>\n      <li id=\"T7\"><img decoding=\"async\" src=\"https:\/\/www.villabussy.fr\/wp-content\/uploads\/2020\/12\/06-MenuPage06-Specialites-Thailandaises-Vietnamiennes-T7.png\" alt=\"T7 - Salade de papaye\"><\/li>\n      <li id=\"T8\"><img decoding=\"async\" src=\"https:\/\/www.villabussy.fr\/wp-content\/uploads\/2020\/12\/06-MenuPage06-Specialites-Thailandaises-Vietnamiennes-T8.png\" alt=\"T8 - Salade de fruits de mer \u00e0 l\u2019ananas\"><\/li>\n      <li id=\"T9\"><img decoding=\"async\" src=\"https:\/\/www.villabussy.fr\/wp-content\/uploads\/2020\/12\/06-MenuPage06-Specialites-Thailandaises-Vietnamiennes-T9.png\" alt=\"T9 - Salade de calamars\"><\/li>\n      <li id=\"T10\"><img decoding=\"async\" src=\"https:\/\/www.villabussy.fr\/wp-content\/uploads\/2020\/12\/06-MenuPage06-Specialites-Thailandaises-Vietnamiennes-T10.png\" alt=\"T10 - Salade de crevettes\"><\/li>\n      <li id=\"T13\"><img decoding=\"async\" src=\"https:\/\/www.villabussy.fr\/wp-content\/uploads\/2020\/12\/06-MenuPage06-Specialites-Thailandaises-Vietnamiennes-T13.png\" alt=\"T13 - Travers de porc grill\u00e9s \u00e0 la citronnelle\"><\/li>\n      <li id=\"T15\"><img decoding=\"async\" src=\"https:\/\/www.villabussy.fr\/wp-content\/uploads\/2020\/12\/06-MenuPage06-Specialites-Thailandaises-Vietnamiennes-T15.png\" alt=\"T15 - Cuisses de grenouilles saut\u00e9es au basilic\"><\/li>\n      <li id=\"T17\"><img decoding=\"async\" src=\"https:\/\/www.villabussy.fr\/wp-content\/uploads\/2020\/12\/06-MenuPage06-Specialites-Thailandaises-Vietnamiennes-T17.png\" alt=\"T17 - Saucisse Tha\u00eflandaise\"><\/li>\n      <li id=\"T18\"><a style=\"text-decoration: none;color: black;\" href=\"\" onclick=\"return false\" onmouseover=\"loadPhoto(this,&quot;https:\/\/www.villabussy.fr\/wp-content\/uploads\/2020\/12\/Restaurant-VillaBussy-T18-poulet-au-lait-de-coco-pimente-scaled.jpg&quot;)\"><img decoding=\"async\" src=\"https:\/\/www.villabussy.fr\/wp-content\/uploads\/2020\/12\/06-MenuPage06-Specialites-Thailandaises-Vietnamiennes-T18.png\" alt=\"T18 - Poulet au lait de coco (piment\u00e9)\"><\/a><\/li>\n      <li id=\"T19\"><img decoding=\"async\" src=\"https:\/\/www.villabussy.fr\/wp-content\/uploads\/2020\/12\/06-MenuPage06-Specialites-Thailandaises-Vietnamiennes-T19.png\" alt=\"T19 - Canard au lait de coco (piment\u00e9)\"><\/li>\n      <li id=\"T20\"><img decoding=\"async\" src=\"https:\/\/www.villabussy.fr\/wp-content\/uploads\/2020\/12\/06-MenuPage06-Specialites-Thailandaises-Vietnamiennes-T20.png\" alt=\"T20 - B\u0153uf au lait de coco (piment\u00e9)\"><\/li>\n      <li id=\"T21\"><img decoding=\"async\" src=\"https:\/\/www.villabussy.fr\/wp-content\/uploads\/2020\/12\/06-MenuPage06-Specialites-Thailandaises-Vietnamiennes-T21.png\" alt=\"T21 - B\u0153uf saut\u00e9 au basilic\"><\/li>\n      <li id=\"T22\"><img decoding=\"async\" src=\"https:\/\/www.villabussy.fr\/wp-content\/uploads\/2020\/12\/06-MenuPage06-Specialites-Thailandaises-Vietnamiennes-T22.png\" alt=\"T22 - Canard saut\u00e9 au basilic\"><\/li>\n      <li id=\"T23\"><img decoding=\"async\" src=\"https:\/\/www.villabussy.fr\/wp-content\/uploads\/2020\/12\/06-MenuPage06-Specialites-Thailandaises-Vietnamiennes-T23.png\" alt=\"T23 - Crevettes saut\u00e9es au basilic\"><\/li>\n      <li id=\"T24\"><img decoding=\"async\" src=\"https:\/\/www.villabussy.fr\/wp-content\/uploads\/2020\/12\/06-MenuPage06-Specialites-Thailandaises-Vietnamiennes-T24.png\" alt=\"T24 - Riz gluant\"><\/li>\n    <\/ul>\n  <\/div>\n\n\n\n<p class=\"has-text-align-center has-large-font-size\"><a href=\"https:\/\/www.villabussy.fr\/?page_id=529\" data-type=\"page\">&lt;<\/a>   <a href=\"https:\/\/www.villabussy.fr\/?page_id=582\">&gt;<\/a><\/p>\n","protected":false},"excerpt":{"rendered":"<p>Suppl\u00e9ment viandes 5\u20ac ou raviolis 2\u20ac \/ Bouillon sur place 1.5\u20ac ou \u00e0 emporter 2\u20ac \/ Pas de menu le soir et week end, ni \u00e0 emporter &lt; &gt;<\/p>\n","protected":false},"author":1,"featured_media":0,"parent":0,"menu_order":0,"comment_status":"closed","ping_status":"closed","template":"","meta":{"pagelayer_contact_templates":[],"_pagelayer_content":"","footnotes":""},"class_list":["post-556","page","type-page","status-publish","hentry"],"_links":{"self":[{"href":"https:\/\/www.villabussy.fr\/index.php?rest_route=\/wp\/v2\/pages\/556","targetHints":{"allow":["GET"]}}],"collection":[{"href":"https:\/\/www.villabussy.fr\/index.php?rest_route=\/wp\/v2\/pages"}],"about":[{"href":"https:\/\/www.villabussy.fr\/index.php?rest_route=\/wp\/v2\/types\/page"}],"author":[{"embeddable":true,"href":"https:\/\/www.villabussy.fr\/index.php?rest_route=\/wp\/v2\/users\/1"}],"replies":[{"embeddable":true,"href":"https:\/\/www.villabussy.fr\/index.php?rest_route=%2Fwp%2Fv2%2Fcomments&post=556"}],"version-history":[{"count":8,"href":"https:\/\/www.villabussy.fr\/index.php?rest_route=\/wp\/v2\/pages\/556\/revisions"}],"predecessor-version":[{"id":1027,"href":"https:\/\/www.villabussy.fr\/index.php?rest_route=\/wp\/v2\/pages\/556\/revisions\/1027"}],"wp:attachment":[{"href":"https:\/\/www.villabussy.fr\/index.php?rest_route=%2Fwp%2Fv2%2Fmedia&parent=556"}],"curies":[{"name":"wp","href":"https:\/\/api.w.org\/{rel}","templated":true}]}}